{"id":4426,"date":"2016-03-01T09:40:19","date_gmt":"2016-03-01T08:40:19","guid":{"rendered":"http:\/\/dev.ezn.de\/downloads\/"},"modified":"2025-11-02T10:21:38","modified_gmt":"2025-11-02T09:21:38","slug":"downloads","status":"publish","type":"page","link":"https:\/\/www.ezn.de\/en\/downloads\/","title":{"rendered":"Downloads"},"content":{"rendered":"<div class=\"row ueberschrift\" data-cols=\"1\"><div class=\"column\" data-col=\"1\">\n<h1>IP-know-how and Downloads<\/h1>\n<p>Here you can find selected information on patents and funding programmes. If you would like to summarise your invention in writing, please use our invention description form &#8211; as a template in WORD \/ DOCX or as a PDF. You can also find forms for invention disclosures at universities.<\/p>\n<\/div><!--.column[data-col=\"1\"]--><\/div><!--.row[data-cols=\"1\"]--><div class=\"row\" data-cols=\"2\"><div class=\"column\" data-col=\"1\"><p><strong>EZN Flyer<\/strong><br \/>\n<a href=\"https:\/\/www.ezn.de\/wp-content\/uploads\/2016\/04\/FlyerEZN2016_GB.pdf\" target=\"_blank\" rel=\"noopener noreferrer\">Download file (PDF)<\/a><\/p>\n<p><strong>Request EZN-service offer \/ Questionnaire<\/strong><br \/>\n<a href=\"https:\/\/www.ezn.de\/wp-content\/uploads\/2025\/11\/Request-EZN-service-offer.docx\" target=\"_blank\" rel=\"noopener noreferrer\">Download file (WORD)<\/a><\/p>\n<p><strong>EZN Flyer Support Programms (German)<\/strong><br \/>\n<a href=\"https:\/\/www.ezn.de\/wp-content\/uploads\/2016\/04\/EZN_Foerder-Flyer_2016-1.pdf\" target=\"_blank\" rel=\"noopener noreferrer\">Download file (PDF)<\/a><\/p>\n<p><strong>Technical article &#8220;How patents work\u201d (German)<\/strong><br \/>\n<a href=\"https:\/\/www.ezn.de\/wp-content\/uploads\/2020\/03\/Wie-_funktionieren_Patente_Fachartikel_2019.pdf\" target=\"_blank\" rel=\"noopener noreferrer\">Download file (PDF)<\/a><\/p>\n<p><strong>Technical article &#8220;The 12 biggest mistakes in patenting&#8221; (German)<\/strong><br \/>\n<a href=\"https:\/\/www.ezn.de\/wp-content\/uploads\/2020\/08\/Die_zw\u00f6lf_gr\u00f6\u00dften_Fehler_beim_Patentieren_von_Erfindungen_EZN.pdf\" target=\"_blank\" rel=\"noopener noreferrer\">Download file (PDF)<\/a><\/p>\n<p><strong>Technical Article &#8220;Building High-Quality IP Assets with WIPANO&#8221; (German)<\/strong><br \/>\n<a href=\"https:\/\/www.ezn.de\/wp-content\/uploads\/2022\/03\/Hochwertige_IP-Assets_aufbauen_Patentfoerderung_WIPANO.pdf\" target=\"_blank\" rel=\"noopener noreferrer\">Download file (PDF)<\/a><\/p>\n<p><strong>Invention disclosure Technische Universit\u00e4t Braunschweig (German)<\/strong><br \/>\n<a href=\"https:\/\/www.ezn.de\/wp-content\/uploads\/2020\/03\/Erfindungsmeldung_200310.pdf\" target=\"_blank\" rel=\"noopener noreferrer\">Download file (PDF)<\/a><\/p>\n<p><strong>Invention disclosure Berliner Hochschule f\u00fcr Technik (German)<\/strong><br \/>\n<a href=\"https:\/\/www.ezn.de\/wp-content\/uploads\/2016\/10\/Beuth_Erfindungsmeldung_2016.pdf\" target=\"_blank\" rel=\"noopener noreferrer\">Download file (PDF)<\/a><\/p>\n<p><strong>Invention disclosure Hochschule f\u00fcr Technik und Wirtschaft Berlin (German)<\/strong><br \/>\n<a href=\"https:\/\/www.ezn.de\/wp-content\/uploads\/2016\/03\/erfindungsmeldung-htw.pdf\" target=\"_blank\" rel=\"noopener noreferrer\">Download file (PDF)<\/a><\/p>\n<p><strong>Invention disclosure Hochschule Emden\/Leer (German)<\/strong><br \/>\n<a href=\"https:\/\/www.ezn.de\/wp-content\/uploads\/2016\/09\/ERFINDUNGSMELDUNG_HS_Emden_Leer.docx\" target=\"_blank\" rel=\"noopener noreferrer\">Download file (WORD)<\/a><\/p>\n<\/div><!--.column[data-col=\"1\"]--><div class=\"column\" data-col=\"1\"><p><strong>Invention description (template for printing)<\/strong><br \/>\n<a href=\"https:\/\/www.ezn.de\/wp-content\/uploads\/2022\/10\/Invention_Description_Template_ENG.pdf\" target=\"_blank\" rel=\"noopener noreferrer\">Download file (PDF)<\/a><\/p>\n<p><strong>Invention description (template to be completed)<\/strong><br \/>\n<a href=\"https:\/\/www.ezn.de\/wp-content\/uploads\/2022\/10\/Invention_Description_Template_ENG.docx\" target=\"_blank\" rel=\"noopener noreferrer\">Download file (WORD)<\/a><\/p>\n<p><strong>Standard for the SIGNO expert opinion Patent value (German)<\/strong><br \/>\n<a href=\"https:\/\/www.ezn.de\/wp-content\/uploads\/2021\/03\/Standard-SIGNO-Gutachten-Patentwert.pdf\" target=\"_blank\" rel=\"noopener noreferrer\">Download file (PDF)<\/a><\/p>\n<p><strong>PIZnet standard for searches on intellectual property rights (German)<\/strong><br \/>\n<a href=\"https:\/\/www.ezn.de\/wp-content\/uploads\/2023\/04\/SIGNO_PIZnet_Standard_fuer_Recherchen_zu_gewerblichen_Schutzrechten-1.pdf\" target=\"_blank\" rel=\"noopener noreferrer\">Download file (PDF)<\/a><\/p>\n<p><strong>Example of success &#8220;Like on rails to your own patent&#8221; (German)<\/strong><br \/>\n<a href=\"https:\/\/www.ezn.de\/wp-content\/uploads\/2022\/05\/Success_Story_Erfolgsbeispiel_Patentanmeldung_Foerderprogramm_IGT_EZN.pdf\" target=\"_blank\" rel=\"noopener noreferrer\">Download file (PDF)<\/a><\/p>\n<p><strong>Example of success &#8220;20-year partnership in development and marketing&#8221; (German)<\/strong><br \/>\n<a href=\"https:\/\/www.ezn.de\/wp-content\/uploads\/2022\/06\/Success_Story_Erfolgsbeispiel_20_Jahre_Partnerschaft_FuE_ecotron_EZN.pdf\" target=\"_blank\" rel=\"noopener noreferrer\">Download file (PDF)<\/a><\/p>\n<p><strong>Example of success &#8220;R&amp;D project: New terminal system\u201d (German)<\/strong><br \/>\n<a href=\"https:\/\/www.ezn.de\/wp-content\/uploads\/2022\/06\/Success_Story_Erfolgsbeispiel_go-inno_ZIM_FuE_Projekt_DACOS_EZN_20220601.pdf\" target=\"_blank\" rel=\"noopener noreferrer\">Download file (PDF)<\/a><\/p>\n<\/div><!--.column[data-col=\"1\"]--><\/div><!--.row[data-cols=\"2\"]--><div class=\"row\" data-cols=\"1\"><div class=\"column\" data-col=\"1\"><p>Back to the <a href=\"http:\/\/ezn.de\">EZN start page<\/a>.<br \/>\nyou are reading: IP-know-how and Downloads<\/p>\n<\/div><!--.column[data-col=\"1\"]--><\/div><!--.row[data-cols=\"1\"]-->\n","protected":false},"excerpt":{"rendered":"<p>IP-know-how and Downloads Here you can find selected information on patents and funding programmes. If you would like to summarise your invention in writing, please use our invention description form &#8211; as a template in WORD \/ DOCX or as a PDF. You can also find forms for invention disclosures at universities. EZN Flyer Download [&hellip;]<\/p>\n","protected":false},"author":1,"featured_media":4378,"parent":0,"menu_order":0,"comment_status":"closed","ping_status":"closed","template":"","meta":{"footnotes":""},"class_list":["post-4426","page","type-page","status-publish","has-post-thumbnail","hentry"],"yoast_head":"<!-- This site is optimized with the Yoast SEO plugin v24.9 - https:\/\/yoast.com\/wordpress\/plugins\/seo\/ -->\n<title>IP-know-how and Downloads | Erfinderzentrum Norddeutschland<\/title>\n<meta name=\"description\" content=\"Here you find information on patent know-how, funding programmes and forms for invention description (DOCX \/ PDF) and invention disclosure.\" \/>\n<meta name=\"robots\" content=\"index, follow, max-snippet:-1, max-image-preview:large, max-video-preview:-1\" \/>\n<link rel=\"canonical\" href=\"https:\/\/www.ezn.de\/en\/downloads\/\" \/>\n<meta property=\"og:locale\" content=\"en_US\" \/>\n<meta property=\"og:type\" content=\"article\" \/>\n<meta property=\"og:title\" content=\"IP-know-how and Downloads | Erfinderzentrum Norddeutschland\" \/>\n<meta property=\"og:description\" content=\"Here you find information on patent know-how, funding programmes and forms for invention description (DOCX \/ PDF) and invention disclosure.\" \/>\n<meta property=\"og:url\" content=\"https:\/\/www.ezn.de\/en\/downloads\/\" \/>\n<meta property=\"og:site_name\" content=\"EZN\" \/>\n<meta property=\"article:publisher\" content=\"https:\/\/www.facebook.com\/ezngmbh\/\" \/>\n<meta property=\"article:modified_time\" content=\"2025-11-02T09:21:38+00:00\" \/>\n<meta property=\"og:image\" content=\"https:\/\/www.ezn.de\/wp-content\/uploads\/2016\/02\/header_ueber_uns.jpg\" \/>\n\t<meta property=\"og:image:width\" content=\"1920\" \/>\n\t<meta property=\"og:image:height\" content=\"380\" \/>\n\t<meta property=\"og:image:type\" content=\"image\/jpeg\" \/>\n<meta name=\"twitter:card\" content=\"summary_large_image\" \/>\n<meta name=\"twitter:label1\" content=\"Est. reading time\" \/>\n\t<meta name=\"twitter:data1\" content=\"2 minutes\" \/>\n<script type=\"application\/ld+json\" class=\"yoast-schema-graph\">{\"@context\":\"https:\/\/schema.org\",\"@graph\":[{\"@type\":\"WebPage\",\"@id\":\"https:\/\/www.ezn.de\/en\/downloads\/\",\"url\":\"https:\/\/www.ezn.de\/en\/downloads\/\",\"name\":\"IP-know-how and Downloads | Erfinderzentrum Norddeutschland\",\"isPartOf\":{\"@id\":\"https:\/\/www.ezn.de\/#website\"},\"primaryImageOfPage\":{\"@id\":\"https:\/\/www.ezn.de\/en\/downloads\/#primaryimage\"},\"image\":{\"@id\":\"https:\/\/www.ezn.de\/en\/downloads\/#primaryimage\"},\"thumbnailUrl\":\"https:\/\/www.ezn.de\/wp-content\/uploads\/2016\/02\/header_ueber_uns.jpg\",\"datePublished\":\"2016-03-01T08:40:19+00:00\",\"dateModified\":\"2025-11-02T09:21:38+00:00\",\"description\":\"Here you find information on patent know-how, funding programmes and forms for invention description (DOCX \/ PDF) and invention disclosure.\",\"breadcrumb\":{\"@id\":\"https:\/\/www.ezn.de\/en\/downloads\/#breadcrumb\"},\"inLanguage\":\"en-US\",\"potentialAction\":[{\"@type\":\"ReadAction\",\"target\":[\"https:\/\/www.ezn.de\/en\/downloads\/\"]}]},{\"@type\":\"ImageObject\",\"inLanguage\":\"en-US\",\"@id\":\"https:\/\/www.ezn.de\/en\/downloads\/#primaryimage\",\"url\":\"https:\/\/www.ezn.de\/wp-content\/uploads\/2016\/02\/header_ueber_uns.jpg\",\"contentUrl\":\"https:\/\/www.ezn.de\/wp-content\/uploads\/2016\/02\/header_ueber_uns.jpg\",\"width\":1920,\"height\":380},{\"@type\":\"BreadcrumbList\",\"@id\":\"https:\/\/www.ezn.de\/en\/downloads\/#breadcrumb\",\"itemListElement\":[{\"@type\":\"ListItem\",\"position\":1,\"name\":\"Home\",\"item\":\"https:\/\/www.ezn.de\/en\/\"},{\"@type\":\"ListItem\",\"position\":2,\"name\":\"Downloads\"}]},{\"@type\":\"WebSite\",\"@id\":\"https:\/\/www.ezn.de\/#website\",\"url\":\"https:\/\/www.ezn.de\/\",\"name\":\"EZN\",\"description\":\"WE GET IDEAS MOVING\",\"potentialAction\":[{\"@type\":\"SearchAction\",\"target\":{\"@type\":\"EntryPoint\",\"urlTemplate\":\"https:\/\/www.ezn.de\/?s={search_term_string}\"},\"query-input\":{\"@type\":\"PropertyValueSpecification\",\"valueRequired\":true,\"valueName\":\"search_term_string\"}}],\"inLanguage\":\"en-US\"}]}<\/script>\n<!-- \/ Yoast SEO plugin. -->","yoast_head_json":{"title":"IP-know-how and Downloads | Erfinderzentrum Norddeutschland","description":"Here you find information on patent know-how, funding programmes and forms for invention description (DOCX \/ PDF) and invention disclosure.","robots":{"index":"index","follow":"follow","max-snippet":"max-snippet:-1","max-image-preview":"max-image-preview:large","max-video-preview":"max-video-preview:-1"},"canonical":"https:\/\/www.ezn.de\/en\/downloads\/","og_locale":"en_US","og_type":"article","og_title":"IP-know-how and Downloads | Erfinderzentrum Norddeutschland","og_description":"Here you find information on patent know-how, funding programmes and forms for invention description (DOCX \/ PDF) and invention disclosure.","og_url":"https:\/\/www.ezn.de\/en\/downloads\/","og_site_name":"EZN","article_publisher":"https:\/\/www.facebook.com\/ezngmbh\/","article_modified_time":"2025-11-02T09:21:38+00:00","og_image":[{"width":1920,"height":380,"url":"https:\/\/www.ezn.de\/wp-content\/uploads\/2016\/02\/header_ueber_uns.jpg","type":"image\/jpeg"}],"twitter_card":"summary_large_image","twitter_misc":{"Est. reading time":"2 minutes"},"schema":{"@context":"https:\/\/schema.org","@graph":[{"@type":"WebPage","@id":"https:\/\/www.ezn.de\/en\/downloads\/","url":"https:\/\/www.ezn.de\/en\/downloads\/","name":"IP-know-how and Downloads | Erfinderzentrum Norddeutschland","isPartOf":{"@id":"https:\/\/www.ezn.de\/#website"},"primaryImageOfPage":{"@id":"https:\/\/www.ezn.de\/en\/downloads\/#primaryimage"},"image":{"@id":"https:\/\/www.ezn.de\/en\/downloads\/#primaryimage"},"thumbnailUrl":"https:\/\/www.ezn.de\/wp-content\/uploads\/2016\/02\/header_ueber_uns.jpg","datePublished":"2016-03-01T08:40:19+00:00","dateModified":"2025-11-02T09:21:38+00:00","description":"Here you find information on patent know-how, funding programmes and forms for invention description (DOCX \/ PDF) and invention disclosure.","breadcrumb":{"@id":"https:\/\/www.ezn.de\/en\/downloads\/#breadcrumb"},"inLanguage":"en-US","potentialAction":[{"@type":"ReadAction","target":["https:\/\/www.ezn.de\/en\/downloads\/"]}]},{"@type":"ImageObject","inLanguage":"en-US","@id":"https:\/\/www.ezn.de\/en\/downloads\/#primaryimage","url":"https:\/\/www.ezn.de\/wp-content\/uploads\/2016\/02\/header_ueber_uns.jpg","contentUrl":"https:\/\/www.ezn.de\/wp-content\/uploads\/2016\/02\/header_ueber_uns.jpg","width":1920,"height":380},{"@type":"BreadcrumbList","@id":"https:\/\/www.ezn.de\/en\/downloads\/#breadcrumb","itemListElement":[{"@type":"ListItem","position":1,"name":"Home","item":"https:\/\/www.ezn.de\/en\/"},{"@type":"ListItem","position":2,"name":"Downloads"}]},{"@type":"WebSite","@id":"https:\/\/www.ezn.de\/#website","url":"https:\/\/www.ezn.de\/","name":"EZN","description":"WE GET IDEAS MOVING","potentialAction":[{"@type":"SearchAction","target":{"@type":"EntryPoint","urlTemplate":"https:\/\/www.ezn.de\/?s={search_term_string}"},"query-input":{"@type":"PropertyValueSpecification","valueRequired":true,"valueName":"search_term_string"}}],"inLanguage":"en-US"}]}},"_links":{"self":[{"href":"https:\/\/www.ezn.de\/en\/wp-json\/wp\/v2\/pages\/4426","targetHints":{"allow":["GET"]}}],"collection":[{"href":"https:\/\/www.ezn.de\/en\/wp-json\/wp\/v2\/pages"}],"about":[{"href":"https:\/\/www.ezn.de\/en\/wp-json\/wp\/v2\/types\/page"}],"author":[{"embeddable":true,"href":"https:\/\/www.ezn.de\/en\/wp-json\/wp\/v2\/users\/1"}],"replies":[{"embeddable":true,"href":"https:\/\/www.ezn.de\/en\/wp-json\/wp\/v2\/comments?post=4426"}],"version-history":[{"count":4,"href":"https:\/\/www.ezn.de\/en\/wp-json\/wp\/v2\/pages\/4426\/revisions"}],"predecessor-version":[{"id":10051,"href":"https:\/\/www.ezn.de\/en\/wp-json\/wp\/v2\/pages\/4426\/revisions\/10051"}],"wp:featuredmedia":[{"embeddable":true,"href":"https:\/\/www.ezn.de\/en\/wp-json\/wp\/v2\/media\/4378"}],"wp:attachment":[{"href":"https:\/\/www.ezn.de\/en\/wp-json\/wp\/v2\/media?parent=4426"}],"curies":[{"name":"wp","href":"https:\/\/api.w.org\/{rel}","templated":true}]}}