{"id":4435,"date":"2016-02-09T19:08:25","date_gmt":"2016-02-09T18:08:25","guid":{"rendered":"http:\/\/dev.ezn.de\/impressum\/"},"modified":"2025-10-12T12:12:56","modified_gmt":"2025-10-12T10:12:56","slug":"imprint","status":"publish","type":"page","link":"https:\/\/www.ezn.de\/en\/imprint\/","title":{"rendered":"Imprint"},"content":{"rendered":"<div class=\"row\" data-cols=\"1\"><div class=\"column\" data-col=\"1\">\n<h1>Imprint<\/h1>\n<p>In the following you can read our imprint in german language.<\/p>\n<p>&nbsp;<\/p>\n<h1>Impressum<\/h1>\n<p><strong>EZN Erfinderzentrum Norddeutschland GmbH<br \/>\n<\/strong>Loebensteinstra\u00dfe 5<br \/>\n30175 Hannover<br \/>\nGermany<br \/>\nTelefon: +49 511 \/ 85 03 08 &#8211; 0<br \/>\nE-Mail: <a href=\"&#x6d;&#x61;&#105;l&#x74;&#x6f;&#x3a;&#101;z&#x6e;&#x40;&#x65;&#122;n&#x2e;&#x64;&#x65;\">e&#122;&#110;&#x40;&#x65;z&#110;&#46;&#x64;&#x65;<\/a><\/p>\n<p>Handelsregister Hannover HRB 2655<br \/>\nUmsatzsteueridentifikationsnummer: DE 115665198<\/p>\n<p><strong>Gesch\u00e4ftsleitung:<\/strong><br \/>\nDr.-Ing. Tobias Braunsberger<br \/>\nDr.-Ing. Hanns Kache<\/p>\n<p style=\"text-align: justify;\"><strong>Haltung zu externen Links<\/strong><br \/>\nDie externen Links unseres Internetangebotes vermitteln den Zugang zur Nutzung von Angeboten fremder Dienstanbieter. Wir \u00fcbernehmen f\u00fcr den Inhalt externer Links keine Verantwortung. Sollte eine URL nicht mehr erreichbar sein, benachrichtigen Sie uns bitte per E-Mail.<\/p>\n<p style=\"text-align: justify;\"><strong>Haftungsausschluss<\/strong><br \/>\nDie Informationen und sonstigen Angaben auf unseren Webseiten sind unverbindlich und unterliegen dem Vorbehalt der jederzeitigen \u00c4nderung. Mit ihnen erfolgt weder ein Vertragsangebot noch wird mit ihnen eine vertragliche Leistung erbracht. F\u00fcr Richtigkeit, Vollst\u00e4ndigkeit und Aktualit\u00e4t der Daten wird keine Gew\u00e4hr \u00fcbernommen. Eine Haftung, insbesondere f\u00fcr eventuelle materielle oder immaterielle Sch\u00e4den oder Konsequenzen, die aus der Nutzung unseres Angebotes entstehen, ist ausgeschlossen.<br \/>\nEZN ist nicht f\u00fcr die Inhalte von Websites einschlie\u00dflich dort angebotener Programme verantwortlich, auf die direkt oder indirekt per Link verwiesen wird. Wir haben keinerlei Einfluss auf die aktuelle und zuk\u00fcnftige Gestaltung und auf die Inhalte der gelinkten\/verkn\u00fcpften Seiten. Deshalb \u00fcbernehmen wir keine Verantwortung f\u00fcr Inhalte aller gelinkten\/verkn\u00fcpften Seiten, die nach der Linksetzung ver\u00e4ndert wurden. Diese Feststellung gilt f\u00fcr alle innerhalb des eigenen Internetangebotes gesetzten Links und Verweise. F\u00fcr illegale, fehlerhafte oder unvollst\u00e4ndige Inhalte und insbesondere f\u00fcr Sch\u00e4den, die aus der Nutzung oder Nichtnutzung solcherart dargebotener Informationen entstehen, tr\u00e4gt allein der Anbieter der Seite, auf welche verwiesen wurde, die straf- und zivilrechtliche Verantwortung.<\/p>\n<p style=\"text-align: justify;\"><strong>Quellenangaben der verwendeten Fotos<\/strong><\/p>\n<p style=\"text-align: justify;\">Mitarbeiterfotos: \u00a9\u00a0Christian Wyrwa<br \/>\nChipkarte:\u00a9 Christian Wyrwa<br \/>\nWelding robots the movement (83701506): \u00a9\u00a0tum2282 \/ Fotolia.com<br \/>\nSport-Runner (77706016): \u00a9 vitaliy_melnik \/ Fotolia.com<br \/>\nForschung, Medizin, Pharmazie (87069639): \u00a9 Eisenhans \/ Fotolia.com<br \/>\nSiliziumherstellung: \u00a9 Jan-Philipp Mai<br \/>\nLuftionisationssysteme: \u00a9 Bioclimatic<br \/>\nUrin-Proteinmuster-Diagnose: \u00a9 Prof. Dr. Dr. Harald Mischak<br \/>\nSandstreuger\u00e4t: \u00a9 Peter Steuerberg<br \/>\nLeibniz Universit\u00e4t Hannover: \u00a9 Dr. Hanns Kache<br \/>\nRecherche-Trefferliste: \u00a9 Dr. Hanns Kache<br \/>\nSchachspiel: \u00a9 Dr. Hanns Kache<br \/>\nMessegespr\u00e4ch: \u00a9 EU Gateway 2019<br \/>\nJapanische Weinbeere: \u00a9 Dr. Hanns Kache<\/p>\n<\/div><!--.column[data-col=\"1\"]--><\/div><!--.row[data-cols=\"1\"]-->\n","protected":false},"excerpt":{"rendered":"<p>Imprint In the following you can read our imprint in german language. &nbsp; Impressum EZN Erfinderzentrum Norddeutschland GmbH Loebensteinstra\u00dfe 5 30175 Hannover Germany Telefon: +49 511 \/ 85 03 08 &#8211; 0 E-Mail: &#101;&#x7a;&#x6e;&#64;&#101;&#x7a;n&#46;&#x64;&#x65; Handelsregister Hannover HRB 2655 Umsatzsteueridentifikationsnummer: DE 115665198 Gesch\u00e4ftsleitung: Dr.-Ing. Tobias Braunsberger Dr.-Ing. Hanns Kache Haltung zu externen Links Die externen Links [&hellip;]<\/p>\n","protected":false},"author":1,"featured_media":4379,"parent":0,"menu_order":0,"comment_status":"closed","ping_status":"closed","template":"","meta":{"footnotes":""},"class_list":["post-4435","page","type-page","status-publish","has-post-thumbnail","hentry"],"yoast_head":"<!-- This site is optimized with the Yoast SEO plugin v24.9 - https:\/\/yoast.com\/wordpress\/plugins\/seo\/ -->\n<title>Imprint | EZN Erfinderzentrum Norddeutschland GmbH<\/title>\n<meta name=\"description\" content=\"Here you find the imprint of EZN Erfinderzentrum Norddeutschland GmbH, Theaterstr. 2, 30159 Hannover, Tel.: 0511\/85030-0, E-Mail: ezn@ezn.de.\" \/>\n<meta name=\"robots\" content=\"index, follow, max-snippet:-1, max-image-preview:large, max-video-preview:-1\" \/>\n<link rel=\"canonical\" href=\"https:\/\/www.ezn.de\/en\/imprint\/\" \/>\n<meta property=\"og:locale\" content=\"en_US\" \/>\n<meta property=\"og:type\" content=\"article\" \/>\n<meta property=\"og:title\" content=\"Imprint | EZN Erfinderzentrum Norddeutschland GmbH\" \/>\n<meta property=\"og:description\" content=\"Here you find the imprint of EZN Erfinderzentrum Norddeutschland GmbH, Theaterstr. 2, 30159 Hannover, Tel.: 0511\/85030-0, E-Mail: ezn@ezn.de.\" \/>\n<meta property=\"og:url\" content=\"https:\/\/www.ezn.de\/en\/imprint\/\" \/>\n<meta property=\"og:site_name\" content=\"EZN\" \/>\n<meta property=\"article:publisher\" content=\"https:\/\/www.facebook.com\/ezngmbh\/\" \/>\n<meta property=\"article:modified_time\" content=\"2025-10-12T10:12:56+00:00\" \/>\n<meta property=\"og:image\" content=\"https:\/\/www.ezn.de\/wp-content\/uploads\/2016\/02\/header_mitarbeiter.jpg\" \/>\n\t<meta property=\"og:image:width\" content=\"1920\" \/>\n\t<meta property=\"og:image:height\" content=\"380\" \/>\n\t<meta property=\"og:image:type\" content=\"image\/jpeg\" \/>\n<meta name=\"twitter:card\" content=\"summary_large_image\" \/>\n<meta name=\"twitter:label1\" content=\"Est. reading time\" \/>\n\t<meta name=\"twitter:data1\" content=\"3 minutes\" \/>\n<script type=\"application\/ld+json\" class=\"yoast-schema-graph\">{\"@context\":\"https:\/\/schema.org\",\"@graph\":[{\"@type\":\"WebPage\",\"@id\":\"https:\/\/www.ezn.de\/en\/imprint\/\",\"url\":\"https:\/\/www.ezn.de\/en\/imprint\/\",\"name\":\"Imprint | EZN Erfinderzentrum Norddeutschland GmbH\",\"isPartOf\":{\"@id\":\"https:\/\/www.ezn.de\/#website\"},\"primaryImageOfPage\":{\"@id\":\"https:\/\/www.ezn.de\/en\/imprint\/#primaryimage\"},\"image\":{\"@id\":\"https:\/\/www.ezn.de\/en\/imprint\/#primaryimage\"},\"thumbnailUrl\":\"https:\/\/www.ezn.de\/wp-content\/uploads\/2016\/02\/header_mitarbeiter.jpg\",\"datePublished\":\"2016-02-09T18:08:25+00:00\",\"dateModified\":\"2025-10-12T10:12:56+00:00\",\"description\":\"Here you find the imprint of EZN Erfinderzentrum Norddeutschland GmbH, Theaterstr. 2, 30159 Hannover, Tel.: 0511\/85030-0, E-Mail: ezn@ezn.de.\",\"breadcrumb\":{\"@id\":\"https:\/\/www.ezn.de\/en\/imprint\/#breadcrumb\"},\"inLanguage\":\"en-US\",\"potentialAction\":[{\"@type\":\"ReadAction\",\"target\":[\"https:\/\/www.ezn.de\/en\/imprint\/\"]}]},{\"@type\":\"ImageObject\",\"inLanguage\":\"en-US\",\"@id\":\"https:\/\/www.ezn.de\/en\/imprint\/#primaryimage\",\"url\":\"https:\/\/www.ezn.de\/wp-content\/uploads\/2016\/02\/header_mitarbeiter.jpg\",\"contentUrl\":\"https:\/\/www.ezn.de\/wp-content\/uploads\/2016\/02\/header_mitarbeiter.jpg\",\"width\":1920,\"height\":380,\"caption\":\"Beratungsgespr\u00e4ch mit den Patent-Experten von EZN\"},{\"@type\":\"BreadcrumbList\",\"@id\":\"https:\/\/www.ezn.de\/en\/imprint\/#breadcrumb\",\"itemListElement\":[{\"@type\":\"ListItem\",\"position\":1,\"name\":\"Home\",\"item\":\"https:\/\/www.ezn.de\/en\/\"},{\"@type\":\"ListItem\",\"position\":2,\"name\":\"Imprint\"}]},{\"@type\":\"WebSite\",\"@id\":\"https:\/\/www.ezn.de\/#website\",\"url\":\"https:\/\/www.ezn.de\/\",\"name\":\"EZN\",\"description\":\"WE GET IDEAS MOVING\",\"potentialAction\":[{\"@type\":\"SearchAction\",\"target\":{\"@type\":\"EntryPoint\",\"urlTemplate\":\"https:\/\/www.ezn.de\/?s={search_term_string}\"},\"query-input\":{\"@type\":\"PropertyValueSpecification\",\"valueRequired\":true,\"valueName\":\"search_term_string\"}}],\"inLanguage\":\"en-US\"}]}<\/script>\n<!-- \/ Yoast SEO plugin. -->","yoast_head_json":{"title":"Imprint | EZN Erfinderzentrum Norddeutschland GmbH","description":"Here you find the imprint of EZN Erfinderzentrum Norddeutschland GmbH, Theaterstr. 2, 30159 Hannover, Tel.: 0511\/85030-0, E-Mail: ezn@ezn.de.","robots":{"index":"index","follow":"follow","max-snippet":"max-snippet:-1","max-image-preview":"max-image-preview:large","max-video-preview":"max-video-preview:-1"},"canonical":"https:\/\/www.ezn.de\/en\/imprint\/","og_locale":"en_US","og_type":"article","og_title":"Imprint | EZN Erfinderzentrum Norddeutschland GmbH","og_description":"Here you find the imprint of EZN Erfinderzentrum Norddeutschland GmbH, Theaterstr. 2, 30159 Hannover, Tel.: 0511\/85030-0, E-Mail: ezn@ezn.de.","og_url":"https:\/\/www.ezn.de\/en\/imprint\/","og_site_name":"EZN","article_publisher":"https:\/\/www.facebook.com\/ezngmbh\/","article_modified_time":"2025-10-12T10:12:56+00:00","og_image":[{"width":1920,"height":380,"url":"https:\/\/www.ezn.de\/wp-content\/uploads\/2016\/02\/header_mitarbeiter.jpg","type":"image\/jpeg"}],"twitter_card":"summary_large_image","twitter_misc":{"Est. reading time":"3 minutes"},"schema":{"@context":"https:\/\/schema.org","@graph":[{"@type":"WebPage","@id":"https:\/\/www.ezn.de\/en\/imprint\/","url":"https:\/\/www.ezn.de\/en\/imprint\/","name":"Imprint | EZN Erfinderzentrum Norddeutschland GmbH","isPartOf":{"@id":"https:\/\/www.ezn.de\/#website"},"primaryImageOfPage":{"@id":"https:\/\/www.ezn.de\/en\/imprint\/#primaryimage"},"image":{"@id":"https:\/\/www.ezn.de\/en\/imprint\/#primaryimage"},"thumbnailUrl":"https:\/\/www.ezn.de\/wp-content\/uploads\/2016\/02\/header_mitarbeiter.jpg","datePublished":"2016-02-09T18:08:25+00:00","dateModified":"2025-10-12T10:12:56+00:00","description":"Here you find the imprint of EZN Erfinderzentrum Norddeutschland GmbH, Theaterstr. 2, 30159 Hannover, Tel.: 0511\/85030-0, E-Mail: ezn@ezn.de.","breadcrumb":{"@id":"https:\/\/www.ezn.de\/en\/imprint\/#breadcrumb"},"inLanguage":"en-US","potentialAction":[{"@type":"ReadAction","target":["https:\/\/www.ezn.de\/en\/imprint\/"]}]},{"@type":"ImageObject","inLanguage":"en-US","@id":"https:\/\/www.ezn.de\/en\/imprint\/#primaryimage","url":"https:\/\/www.ezn.de\/wp-content\/uploads\/2016\/02\/header_mitarbeiter.jpg","contentUrl":"https:\/\/www.ezn.de\/wp-content\/uploads\/2016\/02\/header_mitarbeiter.jpg","width":1920,"height":380,"caption":"Beratungsgespr\u00e4ch mit den Patent-Experten von EZN"},{"@type":"BreadcrumbList","@id":"https:\/\/www.ezn.de\/en\/imprint\/#breadcrumb","itemListElement":[{"@type":"ListItem","position":1,"name":"Home","item":"https:\/\/www.ezn.de\/en\/"},{"@type":"ListItem","position":2,"name":"Imprint"}]},{"@type":"WebSite","@id":"https:\/\/www.ezn.de\/#website","url":"https:\/\/www.ezn.de\/","name":"EZN","description":"WE GET IDEAS MOVING","potentialAction":[{"@type":"SearchAction","target":{"@type":"EntryPoint","urlTemplate":"https:\/\/www.ezn.de\/?s={search_term_string}"},"query-input":{"@type":"PropertyValueSpecification","valueRequired":true,"valueName":"search_term_string"}}],"inLanguage":"en-US"}]}},"_links":{"self":[{"href":"https:\/\/www.ezn.de\/en\/wp-json\/wp\/v2\/pages\/4435","targetHints":{"allow":["GET"]}}],"collection":[{"href":"https:\/\/www.ezn.de\/en\/wp-json\/wp\/v2\/pages"}],"about":[{"href":"https:\/\/www.ezn.de\/en\/wp-json\/wp\/v2\/types\/page"}],"author":[{"embeddable":true,"href":"https:\/\/www.ezn.de\/en\/wp-json\/wp\/v2\/users\/1"}],"replies":[{"embeddable":true,"href":"https:\/\/www.ezn.de\/en\/wp-json\/wp\/v2\/comments?post=4435"}],"version-history":[{"count":1,"href":"https:\/\/www.ezn.de\/en\/wp-json\/wp\/v2\/pages\/4435\/revisions"}],"predecessor-version":[{"id":10020,"href":"https:\/\/www.ezn.de\/en\/wp-json\/wp\/v2\/pages\/4435\/revisions\/10020"}],"wp:featuredmedia":[{"embeddable":true,"href":"https:\/\/www.ezn.de\/en\/wp-json\/wp\/v2\/media\/4379"}],"wp:attachment":[{"href":"https:\/\/www.ezn.de\/en\/wp-json\/wp\/v2\/media?parent=4435"}],"curies":[{"name":"wp","href":"https:\/\/api.w.org\/{rel}","templated":true}]}}